{"id":901,"date":"2021-09-02T13:01:35","date_gmt":"2021-09-02T11:01:35","guid":{"rendered":"https:\/\/berger-brenner.de\/das-leben-hat-gin\/?page_id=901"},"modified":"2022-12-23T10:07:41","modified_gmt":"2022-12-23T09:07:41","slug":"datenschutz","status":"publish","type":"page","link":"https:\/\/berger-brenner.de\/das-leben-hat-gin\/datenschutz\/","title":{"rendered":"Datenschutzhinweis"},"content":{"rendered":"\t\t<div data-elementor-type=\"wp-page\" data-elementor-id=\"901\" class=\"elementor elementor-901\">\n\t\t\t\t\t\t<section class=\"elementor-section elementor-top-section elementor-element elementor-element-e42b637 elementor-section-boxed elementor-section-height-default elementor-section-height-default\" data-id=\"e42b637\" data-element_type=\"section\">\n\t\t\t\t\t\t<div class=\"elementor-container elementor-column-gap-default\">\n\t\t\t\t\t<div class=\"elementor-column elementor-col-100 elementor-top-column elementor-element elementor-element-e09008e\" data-id=\"e09008e\" data-element_type=\"column\">\n\t\t\t<div class=\"elementor-widget-wrap elementor-element-populated\">\n\t\t\t\t\t\t<div class=\"elementor-element elementor-element-6c0408f elementor-widget elementor-widget-heading\" data-id=\"6c0408f\" data-element_type=\"widget\" data-widget_type=\"heading.default\">\n\t\t\t\t<div class=\"elementor-widget-container\">\n\t\t\t\t\t<h1 class=\"elementor-heading-title elementor-size-default\">Datenschutz<\/h1>\t\t\t\t<\/div>\n\t\t\t\t<\/div>\n\t\t\t\t\t<\/div>\n\t\t<\/div>\n\t\t\t\t\t<\/div>\n\t\t<\/section>\n\t\t\t\t<section class=\"elementor-section elementor-top-section elementor-element elementor-element-cb495fc elementor-section-boxed elementor-section-height-default elementor-section-height-default\" data-id=\"cb495fc\" data-element_type=\"section\">\n\t\t\t\t\t\t<div class=\"elementor-container elementor-column-gap-default\">\n\t\t\t\t\t<div class=\"elementor-column elementor-col-50 elementor-top-column elementor-element elementor-element-e63cdf2\" data-id=\"e63cdf2\" data-element_type=\"column\">\n\t\t\t<div class=\"elementor-widget-wrap elementor-element-populated\">\n\t\t\t\t\t\t<div class=\"elementor-element elementor-element-fe0f737 elementor-widget elementor-widget-text-editor\" data-id=\"fe0f737\" data-element_type=\"widget\" data-widget_type=\"text-editor.default\">\n\t\t\t\t<div class=\"elementor-widget-container\">\n\t\t\t\t\t\t\t\t\t<p>Vorwort<\/p>\t\t\t\t\t\t\t\t<\/div>\n\t\t\t\t<\/div>\n\t\t\t\t\t<\/div>\n\t\t<\/div>\n\t\t\t\t<div class=\"elementor-column elementor-col-50 elementor-top-column elementor-element elementor-element-ffba771\" data-id=\"ffba771\" data-element_type=\"column\">\n\t\t\t<div class=\"elementor-widget-wrap elementor-element-populated\">\n\t\t\t\t\t\t<div class=\"elementor-element elementor-element-b917340 elementor-widget elementor-widget-text-editor\" data-id=\"b917340\" data-element_type=\"widget\" data-widget_type=\"text-editor.default\">\n\t\t\t\t<div class=\"elementor-widget-container\">\n\t\t\t\t\t\t\t\t\t<p>Wir nehmen den Schutz Ihrer Daten ernst und wir wissen, dass es auch Ihnen wichtig ist zu erfahren, welche Daten wir \u00fcber Sie verarbeiten. Im Folgenden informieren wir daher \u00fcber die Erhebung personenbezogener Daten bei der Nutzung unserer Webseite. Personenbezogene Daten sind alle Daten, die sich auf eine identifizierte oder identifizierbare nat\u00fcrliche Person beziehen. Solche Daten k\u00f6nnen z.\u2009B. Name, Adresse, E-Mail-Adressen sein.<\/p>\t\t\t\t\t\t\t\t<\/div>\n\t\t\t\t<\/div>\n\t\t\t\t\t<\/div>\n\t\t<\/div>\n\t\t\t\t\t<\/div>\n\t\t<\/section>\n\t\t\t\t<section class=\"elementor-section elementor-top-section elementor-element elementor-element-acd1794 elementor-section-boxed elementor-section-height-default elementor-section-height-default\" data-id=\"acd1794\" data-element_type=\"section\">\n\t\t\t\t\t\t<div class=\"elementor-container elementor-column-gap-default\">\n\t\t\t\t\t<div class=\"elementor-column elementor-col-50 elementor-top-column elementor-element elementor-element-6ec5c9a\" data-id=\"6ec5c9a\" data-element_type=\"column\">\n\t\t\t<div class=\"elementor-widget-wrap elementor-element-populated\">\n\t\t\t\t\t\t<div class=\"elementor-element elementor-element-5d365d1 elementor-widget elementor-widget-text-editor\" data-id=\"5d365d1\" data-element_type=\"widget\" data-widget_type=\"text-editor.default\">\n\t\t\t\t<div class=\"elementor-widget-container\">\n\t\t\t\t\t\t\t\t\t<p>Informationen \u00fcber die Erhebung personenbezogener Daten beim Besuch unserer Website<\/p>\t\t\t\t\t\t\t\t<\/div>\n\t\t\t\t<\/div>\n\t\t\t\t\t<\/div>\n\t\t<\/div>\n\t\t\t\t<div class=\"elementor-column elementor-col-50 elementor-top-column elementor-element elementor-element-dc57d17\" data-id=\"dc57d17\" data-element_type=\"column\">\n\t\t\t<div class=\"elementor-widget-wrap elementor-element-populated\">\n\t\t\t\t\t\t<div class=\"elementor-element elementor-element-37a0475 elementor-widget elementor-widget-text-editor\" data-id=\"37a0475\" data-element_type=\"widget\" data-widget_type=\"text-editor.default\">\n\t\t\t\t<div class=\"elementor-widget-container\">\n\t\t\t\t\t\t\t\t\t<p>Soweit Sie unsere Webseite nur informatorisch nutzen ohne uns anderweitig Informationen zu \u00fcbermitteln, erheben wir nur die personenbezogenen Daten, die Ihr Browser an unseren Server \u00fcbermittelt. Wenn Sie unsere Website betrachten m\u00f6chten, erheben wir Daten, die f\u00fcr uns technisch erforderlich sind, um Ihnen unsere Webseite anzuzeigen und die Stabilit\u00e4t und Sicherheit zu gew\u00e4hrleisten (Rechtsgrundlage ist Art. 6 Abs. 1 S. 1 lit. f DS-GVO). Solche Daten sind:<br \/>\u2022 IP-Adresse des zugreifenden Rechners<br \/>\u2022 Datum und Uhrzeit des Abrufs<br \/>\u2022 URL der abgerufenen Seite<br \/>\u2022 Statusmeldung dar\u00fcber, ob der Abruf erfolgreich war<br \/>\u2022 \u00dcbertragene Datenmenge<br \/>\u2022 die Referrer-URL von der der Nutzer auf die abgerufene Seite gekommen ist<br \/>\u2022 HTTP User Agent (Device, Betriebssystem, Browser)<\/p>\t\t\t\t\t\t\t\t<\/div>\n\t\t\t\t<\/div>\n\t\t\t\t\t<\/div>\n\t\t<\/div>\n\t\t\t\t\t<\/div>\n\t\t<\/section>\n\t\t\t\t<section class=\"elementor-section elementor-top-section elementor-element elementor-element-cdd8275 elementor-section-boxed elementor-section-height-default elementor-section-height-default\" data-id=\"cdd8275\" data-element_type=\"section\">\n\t\t\t\t\t\t<div class=\"elementor-container elementor-column-gap-default\">\n\t\t\t\t\t<div class=\"elementor-column elementor-col-50 elementor-top-column elementor-element elementor-element-ed78f1c\" data-id=\"ed78f1c\" data-element_type=\"column\">\n\t\t\t<div class=\"elementor-widget-wrap elementor-element-populated\">\n\t\t\t\t\t\t<div class=\"elementor-element elementor-element-ea26e36 elementor-widget elementor-widget-text-editor\" data-id=\"ea26e36\" data-element_type=\"widget\" data-widget_type=\"text-editor.default\">\n\t\t\t\t<div class=\"elementor-widget-container\">\n\t\t\t\t\t\t\t\t\t<p>SSL- BZW. TSL-Verschl\u00fcsselung<\/p>\t\t\t\t\t\t\t\t<\/div>\n\t\t\t\t<\/div>\n\t\t\t\t\t<\/div>\n\t\t<\/div>\n\t\t\t\t<div class=\"elementor-column elementor-col-50 elementor-top-column elementor-element elementor-element-e937e61\" data-id=\"e937e61\" data-element_type=\"column\">\n\t\t\t<div class=\"elementor-widget-wrap elementor-element-populated\">\n\t\t\t\t\t\t<div class=\"elementor-element elementor-element-9df9452 elementor-widget elementor-widget-text-editor\" data-id=\"9df9452\" data-element_type=\"widget\" data-widget_type=\"text-editor.default\">\n\t\t\t\t<div class=\"elementor-widget-container\">\n\t\t\t\t\t\t\t\t\t<p>Die Verbindung wird per SSL- bzw. TLS-Verschl\u00fcsselung verschl\u00fcsselt, um unberechtigten Zugriff auf Ihre pers\u00f6nlichen Daten zu verhindern. Wenn die SSL- bzw. TLS-Verschl\u00fcsselung aktiviert ist, k\u00f6nnen die Daten, die Sie an mich \u00fcbermitteln, nicht von Dritten mitgelesen werden.<\/p>\t\t\t\t\t\t\t\t<\/div>\n\t\t\t\t<\/div>\n\t\t\t\t\t<\/div>\n\t\t<\/div>\n\t\t\t\t\t<\/div>\n\t\t<\/section>\n\t\t\t\t<section class=\"elementor-section elementor-top-section elementor-element elementor-element-f5e818a elementor-section-boxed elementor-section-height-default elementor-section-height-default\" data-id=\"f5e818a\" data-element_type=\"section\">\n\t\t\t\t\t\t<div class=\"elementor-container elementor-column-gap-default\">\n\t\t\t\t\t<div class=\"elementor-column elementor-col-50 elementor-top-column elementor-element elementor-element-05e3b02\" data-id=\"05e3b02\" data-element_type=\"column\">\n\t\t\t<div class=\"elementor-widget-wrap elementor-element-populated\">\n\t\t\t\t\t\t<div class=\"elementor-element elementor-element-c454ab4 elementor-widget elementor-widget-text-editor\" data-id=\"c454ab4\" data-element_type=\"widget\" data-widget_type=\"text-editor.default\">\n\t\t\t\t<div class=\"elementor-widget-container\">\n\t\t\t\t\t\t\t\t\t<p>Informationen \u00fcber die Erhebung personenbezogener Daten beim einer Kontaktaufnahme per E-Mail oder \u00fcber unser Kontaktformular<\/p>\t\t\t\t\t\t\t\t<\/div>\n\t\t\t\t<\/div>\n\t\t\t\t\t<\/div>\n\t\t<\/div>\n\t\t\t\t<div class=\"elementor-column elementor-col-50 elementor-top-column elementor-element elementor-element-b2245ac\" data-id=\"b2245ac\" data-element_type=\"column\">\n\t\t\t<div class=\"elementor-widget-wrap elementor-element-populated\">\n\t\t\t\t\t\t<div class=\"elementor-element elementor-element-545777e elementor-widget elementor-widget-text-editor\" data-id=\"545777e\" data-element_type=\"widget\" data-widget_type=\"text-editor.default\">\n\t\t\t\t<div class=\"elementor-widget-container\">\n\t\t\t\t\t\t\t\t\t<p>Wenn Sie mich per E-Mail oder mittels Kontaktformular \u00fcber meine Webseite kontaktieren, werden die von Ihnen angegebenen Daten (E-Mail-Adresse, ggfls. Ihr Vor- und Nachname, sowie weitere von Ihnen mitgeteilte Daten) von mir zur Beantwortung Ihrer Fragen verarbeitet (Rechtsgrundlage ist Art. 6 Abs. 1 S. 1 lit. b DS-GVO bzw. Art. 6 Abs. 1 S. 1 lit. f DS-GVO). Die im Zusammenhang mit der Kontaktaufnahme anfallenden Daten l\u00f6sche ich, nachdem die Speicherung nicht mehr erforderlich ist oder schr\u00e4nken die Verarbeitung ein, falls gesetzliche Aufbewahrungspflichten bestehen.<\/p>\t\t\t\t\t\t\t\t<\/div>\n\t\t\t\t<\/div>\n\t\t\t\t\t<\/div>\n\t\t<\/div>\n\t\t\t\t\t<\/div>\n\t\t<\/section>\n\t\t\t\t<section class=\"elementor-section elementor-top-section elementor-element elementor-element-3e4e870 elementor-section-boxed elementor-section-height-default elementor-section-height-default\" data-id=\"3e4e870\" data-element_type=\"section\">\n\t\t\t\t\t\t<div class=\"elementor-container elementor-column-gap-default\">\n\t\t\t\t\t<div class=\"elementor-column elementor-col-50 elementor-top-column elementor-element elementor-element-00fd9bd\" data-id=\"00fd9bd\" data-element_type=\"column\">\n\t\t\t<div class=\"elementor-widget-wrap elementor-element-populated\">\n\t\t\t\t\t\t<div class=\"elementor-element elementor-element-4329aa6 elementor-widget elementor-widget-text-editor\" data-id=\"4329aa6\" data-element_type=\"widget\" data-widget_type=\"text-editor.default\">\n\t\t\t\t<div class=\"elementor-widget-container\">\n\t\t\t\t\t\t\t\t\t<p>Einsatz von Cookies<\/p>\t\t\t\t\t\t\t\t<\/div>\n\t\t\t\t<\/div>\n\t\t\t\t\t<\/div>\n\t\t<\/div>\n\t\t\t\t<div class=\"elementor-column elementor-col-50 elementor-top-column elementor-element elementor-element-5252178\" data-id=\"5252178\" data-element_type=\"column\">\n\t\t\t<div class=\"elementor-widget-wrap elementor-element-populated\">\n\t\t\t\t\t\t<div class=\"elementor-element elementor-element-4710c30 elementor-widget elementor-widget-text-editor\" data-id=\"4710c30\" data-element_type=\"widget\" data-widget_type=\"text-editor.default\">\n\t\t\t\t<div class=\"elementor-widget-container\">\n\t\t\t\t\t\t\t\t\t<p>Bei der Nutzung meiner Website durch Sie werden zudem Cookies auf Ihrem Rechner gespeichert, also kleine Textdateien, die auf Ihrer Festplatte dem von Ihnen verwendeten Browser zugeordnet gespeichert werden und durch welche mir als Cookie setzende Stelle bestimmte Informationen zuflie\u00dfen. Ich setze Cookies dazu ein, meine Webseite nutzerfreundlicher und effektiver zu machen und um Sie f\u00fcr Folgebesuche identifizieren zu k\u00f6nnen, falls Sie \u00fcber einen Account bei uns verf\u00fcgen \u2013 so ein solcher Account \u00fcberhupt bereitgestellt wird. Andernfalls m\u00fcssten Sie sich f\u00fcr jeden Besuch erneut einloggen (Rechtsgrundlage ist Art. 6 Abs. 1 S. 1 lif. f DS-GVO).<br \/>ART DER COOKIES<br \/>Auf meiner Website verwenden ich transiente Cookies, wie beispielsweise Session Cookies, die eine Session-ID speichern. Mit dieser lassen sich wiederum verschiedene Anfragen Ihres Browser der gemeinsamen Sitzung zuordnen, so dass Ihr Rechner wiedererkannt werden kann, wenn Sie meine Webseite wieder besuchen. Eine L\u00f6schung der Session-Cookies und transiente Cookies findet statt, wenn Sie den Browser schlie\u00dfen oder sich ausloggen.\u2028Ich verwende au\u00dferdem persistente Cookies. Diese werden nach einer f\u00fcr die jeweils einzelnen Cookies vorgegeben Dauer automatisiert gel\u00f6scht. Davon unabh\u00e4ngig besteht f\u00fcr Sie jederzeit die M\u00f6glichkeit, die Cookies in den Sicherheitseinstellungen Ihres Browsers zu l\u00f6schen.<br \/>WIE K\u00d6NNEN COOKIES VERHINDERT WERDEN?<br \/>Es besteht f\u00fcr Sie die M\u00f6glichkeit, durch entsprechende Einstellungen in Ihrem Browser z.\u2009B. die Annahme von Third-Party-Cookies oder allen Cookies zu verhindern. Dies kann aber dazu f\u00fchren, dass Sie eventuell nicht alle Funktionen meiner Website nutzen k\u00f6nnen.<\/p>\t\t\t\t\t\t\t\t<\/div>\n\t\t\t\t<\/div>\n\t\t\t\t\t<\/div>\n\t\t<\/div>\n\t\t\t\t\t<\/div>\n\t\t<\/section>\n\t\t\t\t<section class=\"elementor-section elementor-top-section elementor-element elementor-element-e3d8921 elementor-section-boxed elementor-section-height-default elementor-section-height-default\" data-id=\"e3d8921\" data-element_type=\"section\">\n\t\t\t\t\t\t<div class=\"elementor-container elementor-column-gap-default\">\n\t\t\t\t\t<div class=\"elementor-column elementor-col-50 elementor-top-column elementor-element elementor-element-5702305\" data-id=\"5702305\" data-element_type=\"column\">\n\t\t\t<div class=\"elementor-widget-wrap elementor-element-populated\">\n\t\t\t\t\t\t<div class=\"elementor-element elementor-element-5aa8474 elementor-widget elementor-widget-text-editor\" data-id=\"5aa8474\" data-element_type=\"widget\" data-widget_type=\"text-editor.default\">\n\t\t\t\t<div class=\"elementor-widget-container\">\n\t\t\t\t\t\t\t\t\t<p>Weitergabe Ihrer Personenbezogenen Daten an andere Empf\u00e4nger<\/p>\t\t\t\t\t\t\t\t<\/div>\n\t\t\t\t<\/div>\n\t\t\t\t\t<\/div>\n\t\t<\/div>\n\t\t\t\t<div class=\"elementor-column elementor-col-50 elementor-top-column elementor-element elementor-element-040e04c\" data-id=\"040e04c\" data-element_type=\"column\">\n\t\t\t<div class=\"elementor-widget-wrap elementor-element-populated\">\n\t\t\t\t\t\t<div class=\"elementor-element elementor-element-4e7c1b2 elementor-widget elementor-widget-text-editor\" data-id=\"4e7c1b2\" data-element_type=\"widget\" data-widget_type=\"text-editor.default\">\n\t\t\t\t<div class=\"elementor-widget-container\">\n\t\t\t\t\t\t\t\t\t<p>Eine Weitergabe Ihrer Daten an Dritte erfolgt grunds\u00e4tzlich nicht, es sei denn, es besteht f\u00fcr uns eine gesetzliche Pflicht zur Weitergabe gem. Art. 6 Abs. 1 S. lit. c DSGVO oder diese dient der Strafverfolgung oder sie ist zur Verfolgung unserer Anspr\u00fcche erforderlich.<\/p><p><strong>IHRE RECHTE ALS BETROFFENE PERSON<\/strong><br \/>Ihnen stehen uns gegen\u00fcber Rechte in Bezug auf die Sie betreffenden personenbezogenen Daten zu, die Sie mir gegen\u00fcber unter folgenden Kontaktdaten wahrnehmen k\u00f6nnen:<br \/>BergerBrenner \u2013 S\u00f8ren Comes &amp; Axel Schondelmaier GbR<br \/>\u2028Vertretungsberechtig: Axel Schondelmaier, S\u00f8ren Comes\u2028<br \/>Bergerstra\u00dfe 5<br \/>\u202879312 Emmendingen\u2028<br \/>E-Mail: info[at]berger-brenner.de\u2028<\/p><p><strong>FOLGENDE RECHTE STEHEN IHNEN ZU<\/strong><br \/>Sie k\u00f6nnen von mir eine Best\u00e4tigung dar\u00fcber verlangen, ob ich personenbezogene Daten \u00fcber Sie verarbeite und falls dies der Fall ist, haben Sie ein Recht auf Auskunft \u00fcber diese personenbezogenen Daten und auf die in Art. 15 DS-GVO im einzelnen aufgef\u00fchrten Informationen.<br \/>Sie haben nach Art. 16 DS-GVO das Recht, unverz\u00fcglich die Berichtigung Sie betreffender unrichtiger personenbezogener Daten und ggf. die Vervollst\u00e4ndigung unvollst\u00e4ndiger personenbezogener Daten zu verlangen.<br \/>\u2028Sie haben das Recht von mir zu verlangen, dass Sie betreffende personenbezogene Daten unverz\u00fcglich gel\u00f6scht werden, sofern einer der in Art. 17 DS-GVO im einzelnen aufgef\u00fchrten Gr\u00fcnde zutrifft.<br \/>Sie haben das Recht, die Einschr\u00e4nkung der Verarbeitung zu verlangen, wenn eine der in Art. 18 DSGVO aufgef\u00fchrten Voraussetzungen gegeben ist\u2028. Soweit die Voraussetzungen des Art. 20 DS-GVO erf\u00fcllt sind haben Sie das Recht eine Daten\u00fcbertragung zu verlangen.<\/p><p><strong>Ihnen steht nach Art. 21 DS-GVO ein Widerspruchsrecht gegen die Verarbeitung zu, die auf Art. 6 Abs. 1 S. 1 lit. f DS-GVO beruht. Eine Verarbeitung beruht dann auf Art. 6 Abs. 1 S. 1 lit. f DS-GVO, wenn die Verarbeitung beispielsweise nicht zur Erf\u00fcllung eines Vertrages notwendig ist, sondern auf einer Interessenabw\u00e4gung beruht. <\/strong><\/p><p>Soweit ich Ihre Daten auf Grundlage einer Einwilligung verarbeiten, die Sie mir erteilt haben, k\u00f6nnen Sie diese Einwilligung jederzeit widerrufen. Durch den Widerruf wird die Rechtm\u00e4\u00dfigkeit der aufgrund der Einwilligung bis zum Widerruf erfolgten Verarbeitung nicht ber\u00fchrt, d.h. der Widerruf beeinflusst die Zul\u00e4ssigkeit der Verarbeitung Ihrer personenbezogenen Daten erst nachdem er mir gegen\u00fcber erkl\u00e4rt wurde.<br \/>Sie haben zudem das Recht auf Beschwerde bei einer Aufsichtsbeh\u00f6rde, wenn Sie der Ansicht sind, dass die Verarbeitung der Sie betreffenden personenbezogenen Daten gegen die DSGVO verst\u00f6\u00dft (Art. 77 DSGVO). Sie k\u00f6nnen dieses Recht bei einer Aufsichtsbeh\u00f6rde in dem Mitgliedsstaat Ihres Aufenthaltsortes, Ihres Arbeitsplatzes oder des Ortes des mutma\u00dflichen Versto\u00dfes geltend machen. Eine \u00dcbersicht \u00fcber die Aufsichtsbeh\u00f6rden in Deutschland finden Sie hier:<br \/><a href=\"https:\/\/www.bfdi.bund.de\/DE\/Infothek\/Anschriften_Links\/anschriften_links-node.html\">https:\/\/www.bfdi.bund.de\/DE\/Infothek\/Anschriften_Links\/anschriften_links-node.html<\/a><\/p><p><br \/>Kontaktdaten zwecks Bearbeitung der Anfrage und f\u00fcr den Fall von Anschlussfragen bei mir gespeichert. Diese Daten gebe ich nicht ohne Ihre Einwilligung weiter.<\/p><p>Die Verarbeitung der in das Kontaktformular eingegebenen Daten erfolgt somit ausschlie\u00dflich auf Grundlage Ihrer Einwilligung (Art. 6 Abs. 1 lit. a DSGVO). Sie k\u00f6nnen diese Einwilligung jederzeit widerrufen. Dazu reicht eine formlose Mitteilung per E-Mail an mich. Die Rechtm\u00e4\u00dfigkeit der bis zum Widerruf erfolgten Datenverarbeitungsvorg\u00e4nge bleibt vom Widerruf unber\u00fchrt.<\/p><p>Die von Ihnen im Kontaktformular eingegebenen Daten verbleiben bei mir, bis Sie mich zur L\u00f6schung auffordern, Ihre Einwilligung zur Speicherung widerrufen oder der Zweck f\u00fcr die Datenspeicherung entf\u00e4llt (z.B. nach abgeschlossener Bearbeitung Ihrer Anfrage). Zwingende gesetzliche Bestimmungen \u2013 insbesondere Aufbewahrungsfristen \u2013 bleiben unber\u00fchrt.<\/p>\t\t\t\t\t\t\t\t<\/div>\n\t\t\t\t<\/div>\n\t\t\t\t\t<\/div>\n\t\t<\/div>\n\t\t\t\t\t<\/div>\n\t\t<\/section>\n\t\t\t\t<\/div>\n\t\t","protected":false},"excerpt":{"rendered":"<p>Datenschutz Vorwort Wir nehmen den Schutz Ihrer Daten ernst und wir wissen, dass es auch Ihnen wichtig ist zu erfahren, welche Daten wir \u00fcber Sie &hellip;<\/p>\n","protected":false},"author":1,"featured_media":0,"parent":0,"menu_order":0,"comment_status":"closed","ping_status":"closed","template":"","meta":{"footnotes":""},"class_list":["post-901","page","type-page","status-publish","hentry"],"jetpack_sharing_enabled":true,"_links":{"self":[{"href":"https:\/\/berger-brenner.de\/das-leben-hat-gin\/wp-json\/wp\/v2\/pages\/901","targetHints":{"allow":["GET"]}}],"collection":[{"href":"https:\/\/berger-brenner.de\/das-leben-hat-gin\/wp-json\/wp\/v2\/pages"}],"about":[{"href":"https:\/\/berger-brenner.de\/das-leben-hat-gin\/wp-json\/wp\/v2\/types\/page"}],"author":[{"embeddable":true,"href":"https:\/\/berger-brenner.de\/das-leben-hat-gin\/wp-json\/wp\/v2\/users\/1"}],"replies":[{"embeddable":true,"href":"https:\/\/berger-brenner.de\/das-leben-hat-gin\/wp-json\/wp\/v2\/comments?post=901"}],"version-history":[{"count":10,"href":"https:\/\/berger-brenner.de\/das-leben-hat-gin\/wp-json\/wp\/v2\/pages\/901\/revisions"}],"predecessor-version":[{"id":1164,"href":"https:\/\/berger-brenner.de\/das-leben-hat-gin\/wp-json\/wp\/v2\/pages\/901\/revisions\/1164"}],"wp:attachment":[{"href":"https:\/\/berger-brenner.de\/das-leben-hat-gin\/wp-json\/wp\/v2\/media?parent=901"}],"curies":[{"name":"wp","href":"https:\/\/api.w.org\/{rel}","templated":true}]}}